{"id":4433,"date":"2024-08-13T11:44:21","date_gmt":"2024-08-13T09:44:21","guid":{"rendered":"https:\/\/trailmenorca.es\/contacto\/"},"modified":"2025-09-04T19:33:15","modified_gmt":"2025-09-04T17:33:15","slug":"contacto","status":"publish","type":"page","link":"https:\/\/trailmenorca.es\/fr\/contacto\/","title":{"rendered":"Contact"},"content":{"rendered":"<div class=\"wpb-content-wrapper\"><p>[vc_row full_width=&#8221;stretch_row&#8221; css=&#8221;.vc_custom_1723542298744{background-color: #5b7e96 !important;}&#8221;][vc_column]<div id=\"ultimate-heading-168069dfd1c77b534\" class=\"uvc-heading ult-adjust-bottom-margin ultimate-heading-168069dfd1c77b534 uvc-2603 \" data-hspacer=\"no_spacer\"  data-halign=\"center\" style=\"text-align:center\"><div class=\"uvc-heading-spacer no_spacer\" style=\"top\"><\/div><div class=\"uvc-sub-heading ult-responsive\"  data-ultimate-target='.uvc-heading.ultimate-heading-168069dfd1c77b534 .uvc-sub-heading '  data-responsive-json-new='{\"font-size\":\"desktop:64px;mobile_landscape:40px;mobile:40px;\",\"line-height\":\"desktop:70px;mobile_landscape:44px;mobile:44px;\"}'  style=\"font-family:&#039;Barlow Condensed&#039;;font-style:italic;font-weight:bold;color:#ffffff;\">CONTACTEZ<span class=\"with-background\">-NOUS<\/span><\/div><\/div>[\/vc_column][\/vc_row][vc_row full_width=&#8221;stretch_row&#8221; css=&#8221;.vc_custom_1723547386543{padding-top: 20px !important;padding-bottom: 40px !important;background-color: #5b7e96 !important;}&#8221;][vc_column width=&#8221;8\/12&#8243;]\n<div class=\"wpcf7 no-js\" id=\"wpcf7-f4435-o1\" lang=\"fr-FR\" dir=\"ltr\">\n<div class=\"screen-reader-response\"><p role=\"status\" aria-live=\"polite\" aria-atomic=\"true\"><\/p> <ul><\/ul><\/div>\n<form action=\"\/fr\/wp-json\/wp\/v2\/pages\/4433#wpcf7-f4435-o1\" method=\"post\" class=\"wpcf7-form init\" aria-label=\"Formulaire de contact\" novalidate=\"novalidate\" data-status=\"init\">\n<div style=\"display: none;\">\n<input type=\"hidden\" name=\"_wpcf7\" value=\"4435\" \/>\n<input type=\"hidden\" name=\"_wpcf7_version\" value=\"5.9.8\" \/>\n<input type=\"hidden\" name=\"_wpcf7_locale\" value=\"fr_FR\" \/>\n<input type=\"hidden\" name=\"_wpcf7_unit_tag\" value=\"wpcf7-f4435-o1\" \/>\n<input type=\"hidden\" name=\"_wpcf7_container_post\" value=\"0\" \/>\n<input type=\"hidden\" name=\"_wpcf7_posted_data_hash\" value=\"\" \/>\n<\/div>\n<div>\n\t<p><label><span class=\"wpcf7-form-control-wrap\" data-name=\"your-name\"><input size=\"40\" maxlength=\"400\" class=\"wpcf7-form-control wpcf7-text wpcf7-validates-as-required\" autocomplete=\"name\" aria-required=\"true\" aria-invalid=\"false\" placeholder=\"Nom\" value=\"\" type=\"text\" name=\"your-name\" \/><\/span><\/label><br \/>\n<label><span class=\"wpcf7-form-control-wrap\" data-name=\"your-email\"><input size=\"40\" maxlength=\"400\" class=\"wpcf7-form-control wpcf7-email wpcf7-validates-as-required wpcf7-text wpcf7-validates-as-email\" autocomplete=\"email\" aria-required=\"true\" aria-invalid=\"false\" placeholder=\"Email\" value=\"\" type=\"email\" name=\"your-email\" \/><\/span> <\/label><br \/>\n<label><span class=\"wpcf7-form-control-wrap\" data-name=\"your-phone\"><input size=\"40\" maxlength=\"400\" class=\"wpcf7-form-control wpcf7-tel wpcf7-validates-as-required wpcf7-text wpcf7-validates-as-tel\" aria-required=\"true\" aria-invalid=\"false\" placeholder=\"T\u00e9l\u00e9phone\" value=\"\" type=\"tel\" name=\"your-phone\" \/><\/span> <\/label><br \/>\n<label><span class=\"wpcf7-form-control-wrap\" data-name=\"your-message\"><textarea cols=\"10\" rows=\"4\" maxlength=\"2000\" class=\"wpcf7-form-control wpcf7-textarea\" aria-invalid=\"false\" placeholder=\"Message\" name=\"your-message\"><\/textarea><\/span> <\/label>\n\t<\/p>\n\t<div class=\"clausula-legal\">\n\t\t<h2 style=\"color: #003B4D;\">CLAUSE JURIDIQUE CONSENTEMENT\n\t\t<\/h2>\n\t\t<p><b>Qui est responsable du traitement de vos donn\u00e9es ?<\/b><br \/>\nIdentit\u00e9 : ELITECHIP S.L. CIF : B57506149 Adresse postale : Vel\u00e1zquez, 8\u00aa 07760 Ciutadella de Menorca T\u00e9l\u00e9phone : 676035552 E-mail : administracion@elitechip.net\n\t\t<\/p>\n\t\t<p><b>\u00c0 quelles fins traitons-nous vos donn\u00e9es personnelles ?<\/b> ELITECHIP S.L. traite les informations fournies par les personnes int\u00e9ress\u00e9es afin de r\u00e9pondre \u00e0 votre demande et\/ou de vous informer des \u00e9v\u00e9nements et autres manifestations qui vous int\u00e9ressent si vous nous en donnez l'autorisation.\n\t\t<\/p>\n\t\t<p><b>Combien de temps conserverons-nous vos donn\u00e9es ?<\/b> Les donn\u00e9es personnelles fournies seront conserv\u00e9es jusqu'\u00e0 ce que votre demande soit satisfaite ou que vous retiriez votre consentement dans le cas de communications commerciales.\n\t\t<\/p>\n\t\t<p><b>Quelle est la l\u00e9gitimit\u00e9 du traitement de vos donn\u00e9es ?<\/b> La base juridique du traitement de vos donn\u00e9es est le consentement de la personne concern\u00e9e. Dans le cas de la fourniture de donn\u00e9es \u00e0 un mineur, le parent\/tuteur est responsable d'\u00eatre habilit\u00e9 \u00e0 fournir les donn\u00e9es. Nous nous r\u00e9servons le droit d'exiger une preuve de repr\u00e9sentation.\n\t\t<\/p>\n\t\t<p><b>\u00c0 quels destinataires vos donn\u00e9es seront-elles communiqu\u00e9es ?<\/b> Vos donn\u00e9es personnelles ne seront pas transmises \u00e0 des tiers \u00e0 d'autres fins sans votre consentement.\n\t\t<\/p>\n\t\t<p><b>Quels sont vos droits lorsque vous nous fournissez vos donn\u00e9es ?<\/b> Toute personne a le droit d'obtenir la confirmation qu'ELITECHIP S.L. traite ou non des donn\u00e9es \u00e0 caract\u00e8re personnel la concernant. Les int\u00e9ress\u00e9s ont le droit d'acc\u00e9der \u00e0 leurs donn\u00e9es personnelles, ainsi que de demander la rectification des donn\u00e9es inexactes ou, le cas \u00e9ch\u00e9ant, de demander leur suppression lorsque, entre autres raisons, les donn\u00e9es ne sont plus n\u00e9cessaires aux fins pour lesquelles elles ont \u00e9t\u00e9 collect\u00e9es. Dans certaines circonstances, les personnes concern\u00e9es peuvent demander la limitation du traitement de leurs donn\u00e9es, auquel cas nous ne les conserverons que pour l'exercice ou la d\u00e9fense de droits. Dans certaines circonstances et pour des raisons tenant \u00e0 leur situation particuli\u00e8re, les personnes concern\u00e9es peuvent s'opposer au traitement de leurs donn\u00e9es. Dans ce cas, nous cesserons de traiter les donn\u00e9es, sauf pour des raisons l\u00e9gitimes imp\u00e9rieuses, ou pour l'exercice ou la d\u00e9fense d'\u00e9ventuelles r\u00e9clamations.\n\t\t<\/p>\n\t\t<p><b>Comment avons-nous obtenu vos donn\u00e9es ?<\/b> Les donn\u00e9es personnelles que nous traitons proviennent de la personne concern\u00e9e. Les cat\u00e9gories de donn\u00e9es trait\u00e9es sont les suivantes : Donn\u00e9es d'identification. Codes d'acc\u00e8s ou mots de passe. Adresses postales ou \u00e9lectroniques.\n\t\t<\/p>\n\t<\/div>\n\t<p><span class=\"wpcf7-form-control-wrap\" data-name=\"acceptance-928\"><span class=\"wpcf7-form-control wpcf7-acceptance\"><span class=\"wpcf7-list-item\"><label><input type=\"checkbox\" name=\"acceptance-928\" value=\"1\" aria-invalid=\"false\" \/><span class=\"wpcf7-list-item-label\">*J'accepte la <a href=\"\/politica-privacidad\/\" class=\"policy\">politique de confidentialit\u00e9<\/a> et de traitement des donn\u00e9es.<\/span><\/label><\/span><\/span><\/span><br \/>\n<input class=\"wpcf7-form-control wpcf7-submit has-spinner\" type=\"submit\" value=\"Envoyer\" \/>\n\t<\/p>\n<\/div><div class=\"wpcf7-response-output\" aria-hidden=\"true\"><\/div>\n<\/form>\n<\/div>\n[\/vc_column][vc_column width=&#8221;1\/12&#8243; offset=&#8221;vc_hidden-xs&#8221;][\/vc_column][vc_column width=&#8221;3\/12&#8243;]<div id=\"ultimate-heading-448269dfd1c77db77\" class=\"uvc-heading ult-adjust-bottom-margin ultimate-heading-448269dfd1c77db77 uvc-9345 \" data-hspacer=\"line_only\"  data-halign=\"left\" style=\"text-align:left\"><div class=\"uvc-main-heading ult-responsive\"  data-ultimate-target='.uvc-heading.ultimate-heading-448269dfd1c77db77 h2'  data-responsive-json-new='{\"font-size\":\"desktop:40px;mobile_landscape:30px;mobile:30px;\",\"line-height\":\"desktop:44px;mobile_landscape:33px;mobile:33px;\"}' ><h2 style=\"font-family:&#039;Barlow Condensed&#039;;font-style:italic;font-weight:bold;color:#ffffff;margin-bottom:20px;\">COORDINATION ET INFORMATIONS<\/h2><\/div><div class=\"uvc-sub-heading ult-responsive\"  data-ultimate-target='.uvc-heading.ultimate-heading-448269dfd1c77db77 .uvc-sub-heading '  data-responsive-json-new='{\"font-size\":\"desktop:18px;mobile_landscape:12px;mobile:12px;\",\"line-height\":\"desktop:20px;mobile_landscape:15px;mobile:15px;\"}'  style=\"font-family:&#039;Inter&#039;;font-weight:normal;color:#ffffff;margin-bottom:25px;\"><a href=\"mailto:info@trailmenorca.com\">info@trailmenorca.es<\/a><\/div><div class=\"uvc-heading-spacer line_only\" style=\"margin-bottom:30px;height:1px;\"><span class=\"uvc-headings-line\" style=\"border-style:solid;border-bottom-width:1px;border-color:#ffffff;width:300px;\"><\/span><\/div><\/div><div id=\"ultimate-heading-993969dfd1c77dc63\" class=\"uvc-heading ult-adjust-bottom-margin ultimate-heading-993969dfd1c77dc63 uvc-7513 \" data-hspacer=\"line_only\"  data-halign=\"left\" style=\"text-align:left\"><div class=\"uvc-main-heading ult-responsive\"  data-ultimate-target='.uvc-heading.ultimate-heading-993969dfd1c77dc63 h2'  data-responsive-json-new='{\"font-size\":\"desktop:40px;mobile_landscape:30px;mobile:30px;\",\"line-height\":\"desktop:44px;mobile_landscape:33px;mobile:33px;\"}' ><h2 style=\"font-family:&#039;Barlow Condensed&#039;;font-style:italic;font-weight:bold;color:#ffffff;margin-bottom:20px;\">B\u00c9N\u00c9VOLES<\/h2><\/div><div class=\"uvc-sub-heading ult-responsive\"  data-ultimate-target='.uvc-heading.ultimate-heading-993969dfd1c77dc63 .uvc-sub-heading '  data-responsive-json-new='{\"font-size\":\"desktop:18px;mobile_landscape:12px;mobile:12px;\",\"line-height\":\"desktop:20px;mobile_landscape:15px;mobile:15px;\"}'  style=\"font-family:&#039;Inter&#039;;font-weight:normal;color:#ffffff;margin-bottom:25px;\"><a href=\"mailto:voluntarios@trailmenorca.com\">voluntarios@trailmenorca.es<\/a><\/div><div class=\"uvc-heading-spacer line_only\" style=\"margin-bottom:30px;height:1px;\"><span class=\"uvc-headings-line\" style=\"border-style:solid;border-bottom-width:1px;border-color:#ffffff;width:300px;\"><\/span><\/div><\/div><div id=\"ultimate-heading-758969dfd1c77dd4c\" class=\"uvc-heading ult-adjust-bottom-margin ultimate-heading-758969dfd1c77dd4c uvc-5333 \" data-hspacer=\"line_only\"  data-halign=\"left\" style=\"text-align:left\"><div class=\"uvc-main-heading ult-responsive\"  data-ultimate-target='.uvc-heading.ultimate-heading-758969dfd1c77dd4c h2'  data-responsive-json-new='{\"font-size\":\"desktop:40px;mobile_landscape:30px;mobile:30px;\",\"line-height\":\"desktop:44px;mobile_landscape:33px;mobile:33px;\"}' ><h2 style=\"font-family:&#039;Barlow Condensed&#039;;font-style:italic;font-weight:bold;color:#ffffff;margin-bottom:20px;\">PRESSE<\/h2><\/div><div class=\"uvc-sub-heading ult-responsive\"  data-ultimate-target='.uvc-heading.ultimate-heading-758969dfd1c77dd4c .uvc-sub-heading '  data-responsive-json-new='{\"font-size\":\"desktop:18px;mobile_landscape:12px;mobile:12px;\",\"line-height\":\"desktop:20px;mobile_landscape:15px;mobile:15px;\"}'  style=\"font-family:&#039;Inter&#039;;font-weight:normal;color:#ffffff;margin-bottom:25px;\"><a href=\"mailto:prensa@trailmenorca.com\">prensa@trailmenorca.es<\/a><\/div><div class=\"uvc-heading-spacer line_only\" style=\"margin-bottom:30px;height:1px;\"><span class=\"uvc-headings-line\" style=\"border-style:solid;border-bottom-width:1px;border-color:#ffffff;width:300px;\"><\/span><\/div><\/div><div id=\"ultimate-heading-99169dfd1c77de04\" class=\"uvc-heading ult-adjust-bottom-margin ultimate-heading-99169dfd1c77de04 uvc-9484 \" data-hspacer=\"line_only\"  data-halign=\"left\" style=\"text-align:left\"><div class=\"uvc-main-heading ult-responsive\"  data-ultimate-target='.uvc-heading.ultimate-heading-99169dfd1c77de04 h2'  data-responsive-json-new='{\"font-size\":\"desktop:40px;mobile_landscape:30px;mobile:30px;\",\"line-height\":\"desktop:44px;mobile_landscape:33px;mobile:33px;\"}' ><h2 style=\"font-family:&#039;Barlow Condensed&#039;;font-style:italic;font-weight:bold;color:#ffffff;margin-bottom:20px;\">T\u00c9L\u00c9PHONE<\/h2><\/div><div class=\"uvc-sub-heading ult-responsive\"  data-ultimate-target='.uvc-heading.ultimate-heading-99169dfd1c77de04 .uvc-sub-heading '  data-responsive-json-new='{\"font-size\":\"desktop:18px;mobile_landscape:12px;mobile:12px;\",\"line-height\":\"desktop:20px;mobile_landscape:15px;mobile:15px;\"}'  style=\"font-family:&#039;Inter&#039;;font-weight:normal;color:#ffffff;margin-bottom:25px;\"><a href=\"tel:+34 676 035 552\">+34 676 035 552<\/a><\/div><div class=\"uvc-heading-spacer line_only\" style=\"margin-bottom:30px;height:1px;\"><span class=\"uvc-headings-line\" style=\"border-style:solid;border-bottom-width:1px;border-color:#ffffff;width:300px;\"><\/span><\/div><\/div>[\/vc_column][\/vc_row]<\/p>\n<\/div>","protected":false},"excerpt":{"rendered":"<p>[vc_row full_width=&#8221;stretch_row&#8221; css=&#8221;.vc_custom_1723542298744{background-color: #5b7e96 !important;}&#8221;][vc_column][\/vc_column][\/vc_row][vc_row full_width=&#8221;stretch_row&#8221; css=&#8221;.vc_custom_1723547386543{padding-top: 20px !important;padding-bottom: 40px !important;background-color: #5b7e96 !important;}&#8221;][vc_column width=&#8221;8\/12&#8243;][\/vc_column][vc_column width=&#8221;1\/12&#8243; offset=&#8221;vc_hidden-xs&#8221;][\/vc_column][vc_column width=&#8221;3\/12&#8243;][\/vc_column][\/vc_row]<\/p>\n","protected":false},"author":1,"featured_media":0,"parent":0,"menu_order":0,"comment_status":"closed","ping_status":"closed","template":"","meta":{"footnotes":""},"class_list":["post-4433","page","type-page","status-publish","hentry","description-off"],"_links":{"self":[{"href":"https:\/\/trailmenorca.es\/fr\/wp-json\/wp\/v2\/pages\/4433","targetHints":{"allow":["GET"]}}],"collection":[{"href":"https:\/\/trailmenorca.es\/fr\/wp-json\/wp\/v2\/pages"}],"about":[{"href":"https:\/\/trailmenorca.es\/fr\/wp-json\/wp\/v2\/types\/page"}],"author":[{"embeddable":true,"href":"https:\/\/trailmenorca.es\/fr\/wp-json\/wp\/v2\/users\/1"}],"replies":[{"embeddable":true,"href":"https:\/\/trailmenorca.es\/fr\/wp-json\/wp\/v2\/comments?post=4433"}],"version-history":[{"count":2,"href":"https:\/\/trailmenorca.es\/fr\/wp-json\/wp\/v2\/pages\/4433\/revisions"}],"predecessor-version":[{"id":4815,"href":"https:\/\/trailmenorca.es\/fr\/wp-json\/wp\/v2\/pages\/4433\/revisions\/4815"}],"wp:attachment":[{"href":"https:\/\/trailmenorca.es\/fr\/wp-json\/wp\/v2\/media?parent=4433"}],"curies":[{"name":"wp","href":"https:\/\/api.w.org\/{rel}","templated":true}]}}