{"id":2136,"date":"2024-08-01T10:53:49","date_gmt":"2024-08-01T08:53:49","guid":{"rendered":"https:\/\/trailmenorca.es\/politica-privacidad\/"},"modified":"2024-11-18T17:43:51","modified_gmt":"2024-11-18T16:43:51","slug":"politica-privacidad","status":"publish","type":"page","link":"https:\/\/trailmenorca.es\/ca\/politica-privacidad\/","title":{"rendered":"Pol\u00edtica de privacidad"},"content":{"rendered":"<div class=\"wpb-content-wrapper\"><p>[vc_row source=&#8221;&#8221; main_heading=&#8221;&#8221; heading_tag=&#8221;span&#8221; main_heading_color=&#8221;#ffffff&#8221; sub_heading_color=&#8221;#ffffff&#8221; alignment=&#8221;center&#8221; spacer=&#8221;no_spacer&#8221; spacer_position=&#8221;top&#8221; spacer_img_width=&#8221;48&#8243; line_style=&#8221;solid&#8221; line_height=&#8221;1&#8243; line_color=&#8221;#333333&#8243; line_icon_fixer=&#8221;10&#8243; main_heading_font_family=&#8221;font_family:Barlow Condensed|font_call:Barlow+Condensed&#8221; main_heading_style=&#8221;font-style:italic;,font-weight:bold;&#8221; main_heading_font_size=&#8221;desktop:64px;mobile_landscape:40px;mobile:40px;&#8221; main_heading_line_height=&#8221;desktop:70px;mobile_landscape:44px;mobile:44px;&#8221; sub_heading_font_family=&#8221;font_family:Barlow Condensed|font_call:Barlow+Condensed&#8221; sub_heading_style=&#8221;font-style:italic;,font-weight:bold;&#8221; sub_heading_font_size=&#8221;desktop:64px;mobile_landscape:40px;mobile:40px;&#8221; sub_heading_line_height=&#8221;desktop:70px;mobile_landscape:44px;mobile:44px;&#8221; main_heading_typograpy=&#8221;&#8221; margin_design_tab_text=&#8221;&#8221; main_heading_margin=&#8221;&#8221; sub_heading_typograpy=&#8221;&#8221; sub_heading_margin=&#8221;&#8221; spacer_img=&#8221;&#8221; line_width=&#8221;&#8221; spacer_margin=&#8221;&#8221;][vc_column]<div id=\"ultimate-heading-207569e9dbd596e96\" class=\"uvc-heading ult-adjust-bottom-margin ultimate-heading-207569e9dbd596e96 uvc-7321 \" data-hspacer=\"no_spacer\"  data-halign=\"center\" style=\"text-align:center\"><div class=\"uvc-heading-spacer no_spacer\" style=\"top\"><\/div><div class=\"uvc-main-heading ult-responsive\"  data-ultimate-target='.uvc-heading.ultimate-heading-207569e9dbd596e96 h1'  data-responsive-json-new='{\"font-size\":\"desktop:64px;mobile_landscape:40px;mobile:40px;\",\"line-height\":\"desktop:70px;mobile_landscape:44px;mobile:44px;\"}' ><h1 style=\"font-family:&#039;Barlow Condensed&#039;;font-style:italic;font-weight:bold;color:#003b4d;margin-top:35px;margin-bottom:25px;\"> POL\u00cdTICA DE PRIVACITAT<\/h1><\/div><\/div>[\/vc_column][\/vc_row][vc_row el_class=&#8221;enlaces-color&#8221;][vc_column][vc_column_text css=&#8221;&#8221;]<\/p>\r\n<h2 class=\"wp-block-heading\">\u00a0<\/h2>\r\n<p>En compliment del REGLAMENT (UE) 2016\/679 DEL PARLAMENT EUROPEU I DEL CONSELL de 27 d&#8217;Abril de 2016, relatiu a la protecci\u00f3 de les persones f\u00edsiques pel que fa al tractament de dades personals i a la lliure circulaci\u00f3 d&#8217;aquestes dades i a Llei org\u00e0nica 3\/2018, de 5 de desembre, de Protecci\u00f3 de Dades Personals i garantia dels drets digitals, se l&#8217;informa que les dades personals proporcionades per vost\u00e8 a trav\u00e9s del sistema\u00a0<a href=\"http:\/\/www.elitechip.net\/\">www.elitechip.net<\/a>\u00a0o la nostra App (d&#8217;ara endavant el sistema), seran tractats en els seg\u00fcents termes:<\/p>\r\n<h2 class=\"wp-block-heading\"><a id=\"zw_ndx2\" name=\"ndx2\"><\/a><\/h2>\r\n<h3>Responsable del tractament<\/h3>\r\n<p>Les dades personals recaptades a trav\u00e9s d&#8217;aquest sistema seran tractats per ELITECHIP, SL, amb domicili per a l&#8217;exercici de drets en Vel\u00e1zquez, 8A &#8211; 07760 CIUTADELLA DE MENORCA (Illes Balears). Email:\u00a0<a href=\"mailto:info@elitechip.net\">info@elitechip.net<\/a><\/p>\r\n<h2 class=\"wp-block-heading\"><a id=\"zw_ndx3\" name=\"ndx3\"><\/a><\/h2>\r\n<h3>Finalitats del tractament<\/h3>\r\n<ul>\r\n<li>Informar-lo sobre els nostres productes i serveis, quan aix\u00ed ho sol\u00b7liciti a trav\u00e9s dels formularis del sistema o per correu electr\u00f2nic.<\/li>\r\n<li>Donar contestaci\u00f3 i gestionar les seves consultes, comentaris i suggeriments, si \u00e9s el cas.<\/li>\r\n<li>Gestionar la seva participaci\u00f3 en presents i futurs processos de selecci\u00f3, quan ens faci arribar les seves dades (incl\u00f2s el seu curr\u00edculum) amb aquesta finalitat.<\/li>\r\n<li>Gestionar les inscripcions en les competicions.<\/li>\r\n<li>Serveis\u00a0de\u00a0geolocalitzaci\u00f3\u00a0en\u00a0temps\u00a0real, veure declaraci\u00f3 m\u00e9s a baix.<\/li>\r\n<li>Amb la finalitat d&#8217;obtenir informaci\u00f3 de l&#8217;\u00fas del sistema, s&#8217;analitzen el nombre de p\u00e0gines visitades, el nombre de visites, aix\u00ed com l&#8217;activitat dels visitants i la seva freq\u00fc\u00e8ncia d&#8217;utilitzaci\u00f3. A aquest efecte, el RESPONSABLE utilitza informaci\u00f3 estad\u00edstica elaborada pel Prove\u00efdor de Serveis d&#8217;Internet que no permet identificar a l&#8217;interessat en cap moment.<\/li>\r\n<\/ul>\r\n<h2 class=\"wp-block-heading\"><a id=\"zw_ndx4\" name=\"ndx4\"><\/a><\/h2>\r\n<h3>Informaci\u00f3 Recaptada<\/h3>\r\n<p>La informaci\u00f3 recaptada pel sistema contempla les dades de l&#8217;usuari: nom, identificaci\u00f3 fiscal \/ passaport, direcci\u00f3 i totes les dades personals necessaris per a la gesti\u00f3 de les inscripcions en les competicions i\/o del seu perfil d&#8217;usuari en el sistema.<\/p>\r\n<p>En el cas d&#8217;utilitzaci\u00f3 del nostre sistema de geolocalitzaci\u00f3 en la nostra App, recopilem la ubicaci\u00f3 en temps real, fins i tot amb l&#8217;App tancada. La recopilaci\u00f3 de la geolocalitzaci\u00f3 sempre est\u00e0 controlada i supervisada per l&#8217;usuari. Veure declaraci\u00f3 m\u00e9s a baix.<\/p>\r\n<p>No emmagatzemem dades banc\u00e0ries de cap mena.<\/p>\r\n<h2 class=\"wp-block-heading\"><a id=\"zw_ndx5\" name=\"ndx5\"><\/a><\/h2>\r\n<h3>Legitimaci\u00f3<\/h3>\r\n<p>Consentiment. Les dades personals obtingudes a trav\u00e9s dels formularis del sistema seran tractats \u00fanicament sobre la base del consentiment atorgat per l&#8217;interessat, a trav\u00e9s de l&#8217;acceptaci\u00f3 de la casella disposada per a tal fi. Aquest consentiment pot ser retirat en qualsevol moment.<\/p>\r\n<p>Inter\u00e8s leg\u00edtim del responsable. La informaci\u00f3 estad\u00edstica obtinguda del sistema ser\u00e0 tractada sobre la base de l&#8217;inter\u00e8s leg\u00edtim del responsable. Aquesta informaci\u00f3 no permet identificar a l&#8217;usuari.<\/p>\r\n<h2 class=\"wp-block-heading\"><a id=\"zw_ndx6\" name=\"ndx6\"><\/a><\/h2>\r\n<h3>Destinataris<\/h3>\r\n<p>Les dades personals obtingudes a trav\u00e9s del sistema\u00a0<strong>no seran comunicats a tercers<\/strong>, excepte obligaci\u00f3 legal.<\/p>\r\n<h2 class=\"wp-block-heading\"><a id=\"zw_ndx7\" name=\"ndx7\"><\/a><\/h2>\r\n<h3>Conservaci\u00f3<\/h3>\r\n<p>Les dades personals facilitades per l&#8217;usuari per a rebre comunicacions comercials, participar en competicions, mantenir el seu perfil d&#8217;usuari en el sistema, seran conservats mentre l&#8217;interessat no sol\u00b7liciti la seva supressi\u00f3 o retiri el seu consentiment.<\/p>\r\n<p>Quan l&#8217;usuari envi\u00ef les seves dades personals per a participar en processos de selecci\u00f3 del RESPONSABLE, les dades seran tractades per a participar en presents processos de selecci\u00f3, i si no fos seleccionat, es conservaran les seves dades personals durant un per\u00edode de dos anys amb la finalitat de poder comptar amb la seva participaci\u00f3 en futurs processos.<\/p>\r\n<p>Quan l&#8217;usuari envi\u00ef les seves dades per a contactar amb el RESPONSABLE, realitzar consultes o suggeriments, les dades es conservaran mentre sigui necessari per a tal fi i puguin derivar-se responsabilitats del tractament.<\/p>\r\n<p>Les dades recaptades de geolocalitzaci\u00f3 seran conservats si l&#8217;usuari aix\u00ed ho sol\u00b7licita en finalitzar la competici\u00f3 per a compartir la ruta realitzada en la competici\u00f3. En cas contrari seran eliminats.<\/p>\r\n<p>Dades de tr\u00e0nsit, estad\u00edstics i visites web: les dades seran conservades durant el termini de tres anys.<\/p>\r\n<h2 class=\"wp-block-heading\"><a id=\"zw_ndx8\" name=\"ndx8\"><\/a><\/h2>\r\n<h3>Drets<\/h3>\r\n<p>Pot exercir els seus drets d&#8217;acc\u00e9s, rectificaci\u00f3, supressi\u00f3 i portabilitat de les seves dades, de limitaci\u00f3 i oposici\u00f3 al seu tractament, mitjan\u00e7ant escrit acompanyat de document oficial que li identifiqui dirigit a Vel\u00e1zquez, 8A\u00a0POCI\u00a0&#8211; 07760 CIUTADELLA DE MENORCA (Illes Balears). Email: info@elitechip.net En cas de disconformitat amb el tractament, tamb\u00e9 t\u00e9 dret a presentar una reclamaci\u00f3 davant l&#8217;Ag\u00e8ncia Espanyola de Protecci\u00f3 de Dades (www.aepd.es).<\/p>\r\n<h2 class=\"wp-block-heading\"><a id=\"zw_ndx9\" name=\"ndx9\"><\/a><\/h2>\r\n<h3>Serveis de Geolocalitzaci\u00f3 App\u00a0Elitechip<\/h3>\r\n<p>La nostra App ofereix serveis de geolocalitzaci\u00f3 durant les competicions. Aquests serveis s&#8217;utilitzaran exclusivament durant les competicions per a permetre la localitzaci\u00f3 dels atletes en temps real. La informaci\u00f3 recaptada durant la competici\u00f3 ser\u00e0 rebutjada en finalitzar la competici\u00f3 i solament el propietari de la mateixa la podr\u00e0 conservar en el seu perfil si aix\u00ed ho desitja.<\/p>\r\n<p>Durant una competici\u00f3 els usuaris que aix\u00ed ho desitgin poden activar la geolocalitzaci\u00f3 en segon pla. El nostre sistema recopilar\u00e0 la ubicaci\u00f3 del dispositiu i l&#8217;enviar\u00e0 als nostres servidors. No es compartir\u00e0 cap informaci\u00f3 de geolocalitzaci\u00f3 amb tercers. En finalitzar la competici\u00f3 l&#8217;usuari decidir\u00e0 si desitja publicar el\u00a0track\u00a0generat. Si no es publica les dades seran reciclades autom\u00e0ticament. En qualsevol moment l&#8217;usuari pot detenir el servei de geolocalitzaci\u00f3 i cancel\u00b7lar les seves dades p\u00fabliques.<\/p>\r\n<p>En finalitzar la competici\u00f3 els nostres servidors deixaran de recopilar informaci\u00f3 d&#8217;ubicaci\u00f3 de dispositius encara que el dispositiu segueixi actiu. El dispositiu que estigui actiu mostrar\u00e0 en tot moment indicacions que s&#8217;est\u00e0 enviant la ubicaci\u00f3 als nostres servidors. L&#8217;usuari podr\u00e0 en qualsevol moment detenir l&#8217;enviament de la seva ubicaci\u00f3 als nostres sistemes.<\/p>\r\n<h2 class=\"wp-block-heading\"><a id=\"zw_ndx10\" name=\"ndx10\"><\/a><\/h2>\r\n<h3>Pol\u00edtica de protecci\u00f3 de menors<\/h3>\r\n<p>Qui facilita les dades a trav\u00e9s dels formularis d&#8217;aquesta Web i accepta el seu tractament declara formalment ser major de 16 anys.<\/p>\r\n<p>Queda prohibit l&#8217;acc\u00e9s i \u00fas del portal als menors de 16 anys d&#8217;edat.<\/p>\r\n<p>El RESPONSABLE recorda a les persones majors d&#8217;edat que tinguin al seu c\u00e0rrec menors, que ser\u00e0 de la seva exclusiva responsabilitat si algun menor incorpora les seves dades per a sol\u00b7licitar algun producte.<\/p>\r\n<p>Tamb\u00e9 els informa que existeixen programes inform\u00e0tics per a delimitar la navegaci\u00f3 mitjan\u00e7ant el filtre o bloqueig a determinats continguts.<\/p>\r\n<div>\r\n<p><a id=\"zw_ndx11\" name=\"ndx11\"><\/a><\/p>\r\n<h3>\u00das de les cookies en el sistema<\/h3>\r\n<\/div>\r\n<p>Aquesta Web utilitza exclusivament \u201ccookies\u201d d&#8217;\u00fas intern imprescindibles per a la prestaci\u00f3 dels serveis sol\u00b7licitats pels usuaris i necess\u00e0ries per a la navegaci\u00f3.<\/p>\r\n<p>Les \u201ccookies\u201d que pot utilitzar aquest sistema s\u00f3n petites quantitats d&#8217;informaci\u00f3 que s&#8217;emmagatzemen en l&#8217;ordinador amb l&#8217;\u00fanica fi de gestionar l&#8217;autenticaci\u00f3 dels usuaris, la prestaci\u00f3 dels serveis sol\u00b7licitats i efectuar la transmissi\u00f3 de comunicacions per la Xarxa, d&#8217;acord amb el que s&#8217;estableix en l&#8217;article 22 de la Llei 34\/2012 de Serveis de la Societat de la Informaci\u00f3 (LSSI).<\/p>\r\n<p>L&#8217;usuari t\u00e9 la possibilitat d&#8217;impedir la instal\u00b7laci\u00f3 de \u201ccookies\u201d en el seu disc dur, configurar el seu navegador per a ser informat abans que les \u201ccookies\u201d s&#8217;emmagatzemin en el seu ordinador o per a eliminar les que s&#8217;hagin instal\u00b7lat. L&#8217;usuari pot configurar el seu navegador per a especificar les \u201ccookies\u201d que poden ser acceptades i les que no, pot tamb\u00e9 acceptar \u201ccookies\u201d de sessi\u00f3, de manera que s&#8217;eliminin quan es tanqui el navegador i pot, en qualsevol moment, veure i esborrar les \u201ccookies\u201d individualment.<\/p>\r\n<p>Encara que li advertim que el fet de no acceptar les \u201ccookies\u201d del nostre sistema podr\u00e0 suposar la impossibilitat o una important limitaci\u00f3 perqu\u00e8 puguem prestar-li els nostres serveis.<\/p>\r\n<p>Si us plau, consulti les instruccions i manuals del seu navegador si vol ampliar la informaci\u00f3 sobre la gesti\u00f3 de les \u201ccookies\u201d.<\/p>\r\n<p>[\/vc_column_text][\/vc_column][\/vc_row]<\/p><\/div>","protected":false},"excerpt":{"rendered":"<p>[vc_row source=&#8221;&#8221; main_heading=&#8221;&#8221; heading_tag=&#8221;span&#8221; main_heading_color=&#8221;#ffffff&#8221; sub_heading_color=&#8221;#ffffff&#8221; alignment=&#8221;center&#8221; spacer=&#8221;no_spacer&#8221; spacer_position=&#8221;top&#8221; spacer_img_width=&#8221;48&#8243; line_style=&#8221;solid&#8221; line_height=&#8221;1&#8243; line_color=&#8221;#333333&#8243; line_icon_fixer=&#8221;10&#8243; main_heading_font_family=&#8221;font_family:Barlow Condensed|font_call:Barlow+Condensed&#8221; main_heading_style=&#8221;font-style:italic;,font-weight:bold;&#8221; main_heading_font_size=&#8221;desktop:64px;mobile_landscape:40px;mobile:40px;&#8221; main_heading_line_height=&#8221;desktop:70px;mobile_landscape:44px;mobile:44px;&#8221; sub_heading_font_family=&#8221;font_family:Barlow Condensed|font_call:Barlow+Condensed&#8221; sub_heading_style=&#8221;font-style:italic;,font-weight:bold;&#8221; sub_heading_font_size=&#8221;desktop:64px;mobile_landscape:40px;mobile:40px;&#8221; sub_heading_line_height=&#8221;desktop:70px;mobile_landscape:44px;mobile:44px;&#8221; main_heading_typograpy=&#8221;&#8221; margin_design_tab_text=&#8221;&#8221; main_heading_margin=&#8221;&#8221; sub_heading_typograpy=&#8221;&#8221; sub_heading_margin=&#8221;&#8221; spacer_img=&#8221;&#8221; line_width=&#8221;&#8221; spacer_margin=&#8221;&#8221;][vc_column][\/vc_column][\/vc_row][vc_row el_class=&#8221;enlaces-color&#8221;][vc_column][vc_column_text css=&#8221;&#8221;] \u00a0 En compliment del REGLAMENT (UE) 2016\/679 DEL PARLAMENT EUROPEU I DEL CONSELL de 27 d&#8217;Abril de 2016, relatiu a la&hellip;<\/p>\n","protected":false},"author":1,"featured_media":0,"parent":0,"menu_order":0,"comment_status":"closed","ping_status":"open","template":"","meta":{"footnotes":""},"class_list":["post-2136","page","type-page","status-publish","hentry","description-off"],"_links":{"self":[{"href":"https:\/\/trailmenorca.es\/ca\/wp-json\/wp\/v2\/pages\/2136","targetHints":{"allow":["GET"]}}],"collection":[{"href":"https:\/\/trailmenorca.es\/ca\/wp-json\/wp\/v2\/pages"}],"about":[{"href":"https:\/\/trailmenorca.es\/ca\/wp-json\/wp\/v2\/types\/page"}],"author":[{"embeddable":true,"href":"https:\/\/trailmenorca.es\/ca\/wp-json\/wp\/v2\/users\/1"}],"replies":[{"embeddable":true,"href":"https:\/\/trailmenorca.es\/ca\/wp-json\/wp\/v2\/comments?post=2136"}],"version-history":[{"count":3,"href":"https:\/\/trailmenorca.es\/ca\/wp-json\/wp\/v2\/pages\/2136\/revisions"}],"predecessor-version":[{"id":2158,"href":"https:\/\/trailmenorca.es\/ca\/wp-json\/wp\/v2\/pages\/2136\/revisions\/2158"}],"wp:attachment":[{"href":"https:\/\/trailmenorca.es\/ca\/wp-json\/wp\/v2\/media?parent=2136"}],"curies":[{"name":"wp","href":"https:\/\/api.w.org\/{rel}","templated":true}]}}